{"id":31,"date":"2015-10-29T03:24:45","date_gmt":"2015-10-29T03:24:45","guid":{"rendered":"http:\/\/www.dichvuvideo.com\/?page_id=31"},"modified":"2015-10-29T03:24:45","modified_gmt":"2015-10-29T03:24:45","slug":"copy-cd-dvd-so-luong-lon","status":"publish","type":"page","link":"http:\/\/www.dichvuvideo.com\/index.php\/copy-cd-dvd-so-luong-lon\/","title":{"rendered":"Copy CD DVD s\u1ed1 l\u01b0\u1ee3ng l\u1edbn"},"content":{"rendered":"<p>Ch\u00fang t\u00f4i nh\u1eadn in sao, copy ,nh\u00e2n b\u1ea3n s\u1ed1 l\u01b0\u1ee3ng l\u01a1n t\u1ea5t c\u1ea3 c\u00e1c lo\u1ea1i \u0111\u0129a CD, VCD, DVD ch\u01b0\u01a1ng tr\u00ecnh, s\u1ef1 ki\u1ec7n, \u0111\u0129a t\u1eb7ng kh\u00e1ch h\u00e0ng, \u0111\u0129a nh\u00e0 ch\u00f9a\u2026gi\u00e1 t\u1ed1t nh\u1ea5t HCM<\/p>\n<p>\u0110\u1ed1ng th\u1eddi, v\u1edbi s\u1ef1 ph\u1ee5c v\u1ee5 uy t\u00edn v\u00e0 nhi\u1ec7t t\u00ecnh, ch\u00fang t\u00f4i tin ch\u1eafc r\u1eb1ng s\u1ebd l\u00e0 n\u01a1i \u0111\u1ec3 b\u1ea1n l\u1ef1a ch\u1ecdn cho c\u00e1c d\u1ecbch v\u1ee5 ghi ch\u00e9p dvd<\/p>\n<p>V\u1edbi cam k\u1ebft h\u00e0ng \u0111\u1ea7u v\u1ec1 quy\u1ec1n l\u1ee3i c\u1ee7a kh\u00e1ch h\u00e0ng ch\u00fang t\u00f4i \u0111\u1ea3m b\u1ea3o tuy\u1ec7t \u0111\u1ed1i 100% v\u1ec1 ch\u1ea5t l\u01b0\u1ee3ng \u0111\u0129a th\u00e0nh ph\u1ea9m.<\/p>\n<p>Ch\u00fang t\u00f4i \u0111\u00e1p \u1ee9ng m\u1ecdi y\u00eau c\u1ea7u v\u1ec1 thi\u1ebft k\u1ebf, t\u01b0 v\u1ea5n ch\u1ecdn m\u1eabu m\u00e3, in \u0111\u0129a, nh\u00e3n \u0111\u0129a, v\u1ecf h\u1ed9p. \u0111\u00f3ng g\u00f3i v\u00e0 giao nh\u1eadn, .\u2026..<\/p>\n<p>V\u1edbi t\u1ed1c \u0111\u1ed9 in nhanh \u0111\u00e1p \u1ee9ng m\u1ecdi \u0111\u01a1n h\u00e0ng s\u1ed1 l\u01b0\u1ee3ng l\u1edbn trong th\u1eddi gian ng\u1eafn, gi\u00e1 c\u1ea3 ph\u1ea3i ch\u0103ng v\u00e0 \u00e1p d\u1ee5ng cho t\u1eebng \u0111\u01a1n h\u00e0ng v\u1edbi s\u1ed1 l\u01b0\u1ee3ng t\u01b0\u01a1ng \u1ee9ng.\u200b<\/p>\n<p>H\u00e3y li\u00ean h\u1ec7 ngay v\u1edbi ch\u00fang t\u00f4i \u0111\u1ec3 c\u00f3 \u0111\u01b0\u1ee3c ch\u1ea5t l\u01b0\u1ee3ng ho\u00e0n h\u1ea3o v\u00e0 gi\u00e1 c\u1ea3 v\u00f4 c\u00f9ng h\u1ea5p d\u1eabn<\/p>\n","protected":false},"excerpt":{"rendered":"<p>Ch\u00fang t\u00f4i nh\u1eadn in sao, copy ,nh\u00e2n b\u1ea3n s\u1ed1 l\u01b0\u1ee3ng l\u01a1n t\u1ea5t c\u1ea3 c\u00e1c lo\u1ea1i \u0111\u0129a CD, VCD, DVD ch\u01b0\u01a1ng tr\u00ecnh, s\u1ef1 ki\u1ec7n, \u0111\u0129a t\u1eb7ng kh\u00e1ch h\u00e0ng, \u0111\u0129a nh\u00e0 ch\u00f9a\u2026gi\u00e1 t\u1ed1t nh\u1ea5t HCM \u0110\u1ed1ng th\u1eddi, v\u1edbi s\u1ef1 ph\u1ee5c v\u1ee5 uy t\u00edn v\u00e0 nhi\u1ec7t t\u00ecnh, ch\u00fang t\u00f4i tin ch\u1eafc r\u1eb1ng s\u1ebd l\u00e0 n\u01a1i \u0111\u1ec3 b\u1ea1n l\u1ef1a [&hellip;]<\/p>\n","protected":false},"author":1,"featured_media":0,"parent":0,"menu_order":0,"comment_status":"closed","ping_status":"closed","template":"","meta":{"footnotes":""},"class_list":["post-31","page","type-page","status-publish","hentry"],"_links":{"self":[{"href":"http:\/\/www.dichvuvideo.com\/index.php\/wp-json\/wp\/v2\/pages\/31","targetHints":{"allow":["GET"]}}],"collection":[{"href":"http:\/\/www.dichvuvideo.com\/index.php\/wp-json\/wp\/v2\/pages"}],"about":[{"href":"http:\/\/www.dichvuvideo.com\/index.php\/wp-json\/wp\/v2\/types\/page"}],"author":[{"embeddable":true,"href":"http:\/\/www.dichvuvideo.com\/index.php\/wp-json\/wp\/v2\/users\/1"}],"replies":[{"embeddable":true,"href":"http:\/\/www.dichvuvideo.com\/index.php\/wp-json\/wp\/v2\/comments?post=31"}],"version-history":[{"count":1,"href":"http:\/\/www.dichvuvideo.com\/index.php\/wp-json\/wp\/v2\/pages\/31\/revisions"}],"predecessor-version":[{"id":32,"href":"http:\/\/www.dichvuvideo.com\/index.php\/wp-json\/wp\/v2\/pages\/31\/revisions\/32"}],"wp:attachment":[{"href":"http:\/\/www.dichvuvideo.com\/index.php\/wp-json\/wp\/v2\/media?parent=31"}],"curies":[{"name":"wp","href":"https:\/\/api.w.org\/{rel}","templated":true}]}}