{"id":38,"date":"2015-10-29T03:36:09","date_gmt":"2015-10-29T03:36:09","guid":{"rendered":"http:\/\/www.dichvuvideo.com\/?page_id=38"},"modified":"2015-10-29T03:36:09","modified_gmt":"2015-10-29T03:36:09","slug":"chuyen-bang-vhs-mini-dv-sang-dvd","status":"publish","type":"page","link":"http:\/\/www.dichvuvideo.com\/index.php\/chuyen-bang-vhs-mini-dv-sang-dvd\/","title":{"rendered":"Chuy\u1ec3n b\u0103ng VHS, Mini DV sang DVD"},"content":{"rendered":"<p>B\u1ea1n h\u00e3y s\u1edbm chuy\u1ec3n b\u0103ng sang \u0111\u0129a VCD- DVD n\u1ebfu kh\u00f4ng, B\u0103ng t\u1eeb s\u1ebd b\u1ecb n\u1ea5m m\u1ed1c ph\u00e1 hu\u1ef7 theo n\u0103m th\u00e1ng v\u00e0 ch\u1eafc ch\u1eafn r\u1eb1ng b\u1ea1n kh\u00f4ng mu\u1ed1n m\u1ea5t \u0111i nh\u1eefng h\u00ecnh \u1ea3nh, \u00e2m thanh qu\u00fd gi\u00e1 m\u00e0 b\u1ea1n \u0111\u00e3 l\u01b0u gi\u1eef \u0111\u1ebfn nay. Gi\u1ea3i ph\u00e1p t\u1ed1t nh\u1ea5t hi\u1ec7n nay l\u00e0 b\u1ea1n h\u00e3y sao l\u01b0u ch\u00fang l\u00ean \u0111\u0129a VCD ho\u1eb7c DVD tr\u01b0\u1edbc khi qu\u00e1 mu\u1ed9n, r\u1ea5t thu\u1eadn ti\u1ec7n \u0111\u1ec3 xem tr\u00ean c\u00e1c thi\u1ebft b\u1ecb s\u1ed1 \u0111ang thay \u0111\u1ed5i hi\u1ec7n nay. Ch\u1ea5t l\u01b0\u1ee3ng b\u1ea1n l\u01b0u gi\u1eef tr\u00ean \u0111\u0129a s\u1ebd kh\u00f4ng h\u1ec1 gi\u1ea3m theo th\u1eddi gian. (th\u1eddi l\u01b0\u1ee3ng c\u1ee7a DVD l\u00e0 120 ph\u00fat, ch\u1ea5t l\u01b0\u1ee3ng tr\u00ean 90% so v\u1edbi b\u0103ng g\u1ed1c; th\u1eddi l\u01b0\u1ee3ng VCD l\u00e0 70 ph\u00fat, ch\u1ea5t l\u01b0\u1ee3ng d\u01b0\u1edbi 70% so v\u1edbi b\u0103ng g\u1ed1c).<\/p>\n<p>D\u1ecaCH V\u1ee4 CHUY\u1ec2N B\u0102NG SANG \u0110\u0128A VCD-DVD CH\u1ea4T L\u01af\u1ee2NG<br \/>\nNh\u1eadn chuy\u1ec3n t\u1ea5t c\u1ea3 c\u00e1c b\u0103ng Vid\u00e9o qua VCD-DVD nh\u01b0: B\u0103ng C, DV, Mini, VHS&#8230; ph\u1ee5c h\u1ed3i b\u0103ng mi\u1ec5n ph\u00ed.<br \/>\nC\u1eaft x\u00e9n, d\u1ef1ng phim: N\u1ebfu b\u1ea1n \u0111ang gi\u1eef m\u1ed9t cu\u1ed1n b\u0103ng t\u1ef1 quay, do l\u00fd do n\u00e0o \u0111\u00f3 m\u00e0 h\u00ecnh \u1ea3nh kh\u00f4ng \u0111\u01b0\u1ee3c nh\u01b0 \u00fd\u2026 D\u1ecbch v\u1ee5 ch\u00fang t\u00f4i s\u1ebd t\u1ea1o d\u1ef1ng t\u1eeb nh\u1eefng \u0111o\u1ea1n video t\u1ef1 quay c\u1ee7a b\u1ea1n th\u00e0nh m\u1ed9t s\u1ea3n ph\u1ea9m c\u00f3 gi\u00e1 tr\u1ecb, l\u01b0u tr\u1eef g\u1ecdn g\u00e0ng ch\u1ec9 tr\u00ean m\u1ed9t \u0111\u0129a DVD. V\u1edbi thi\u1ebft b\u1ecb hi\u1ec7n \u0111\u1ea1i, chuy\u00ean nghi\u1ec7p t\u1eeb kh\u00e2u x\u1eed l\u00fd \u00e2m thanh, h\u00ecnh \u1ea3nh, k\u1ef9 x\u1ea3o, ti\u00eau \u0111\u1ec1, l\u1ed3ng nh\u1ea1c\u2026 \u0110\u00fang theo \u00fd t\u01b0\u1edfng c\u1ee7a b\u1ea1n, in sang nh\u00e2n b\u1ea3n \u0111\u0129a.<br \/>\nRi\u00eang b\u0103ng nh\u1ecf m\u00e1y quay camera, \u0111\u0129a dvd nh\u1ecf m\u00e1y quay kh\u00e1ch h\u00e0ng ch\u1ec9 c\u1ea7n mang b\u0103ng \u0111\u1ebfn m\u00e0 kh\u00f4ng c\u1ea7n mang theo m\u00e1y quay v\u00ec c\u1eeda h\u00e0ng ph\u00e1t \u0111\u01b0\u1ee3c t\u1ea5t c\u1ea3 c\u00e1c lo\u1ea1i b\u0103ng.<br \/>\nH\u00e3y li\u00ean h\u1ec7 v\u1edbi ch\u00fang t\u00f4i, h\u00e3y n\u00f3i v\u1edbi ch\u00fang t\u00f4i nh\u1eefng g\u00ec m\u00e0 b\u1ea1n mu\u1ed1n, Ch\u00fang t\u00f4i lu\u00f4n h\u00e2n h\u1ea1nh \u0111\u01b0\u1ee3c ph\u1ee5c v\u1ee5 qu\u00fd kh\u00e1ch v\u1edbi ph\u01b0\u01a1ng ch\u00e2m :<br \/>\n\u201c uy t\u00edn &#8211; ch\u1ea5t l\u01b0\u1ee3ng \u2013 gi\u00e1 c\u1ea3 h\u1ee3p l\u00fd \u201d<br \/>\nCh\u00fang t\u00f4i s\u1eed d\u1ee5ng c\u00e1c thi\u1ebft b\u1ecb &amp; ph\u1ea7n m\u1ec1m chuy\u00ean nghi\u1ec7p \u0111\u1ec3 bi\u00ean t\u1eadp v\u00e0 x\u1eed l\u00fd Video Audio mang l\u1ea1i cho b\u1ea1n ch\u1ea5t l\u01b0\u1ee3ng h\u00ecnh \u1ea3nh v\u00e0 \u00e2m thanh t\u1ed1t nh\u1ea5t .<br \/>\nCh\u00fang t\u00f4i kh\u00f4ng ch\u1ecbu tr\u00e1ch nhi\u1ec7m v\u1ec1 n\u1ed9i dung B\u0103ng, \u0110\u0129a v\u1ec1 n\u1ed9i dung v\u00e0 b\u1ea3n quy\u1ec1n.<br \/>\n!!! R\u1ea5t h\u00e2n h\u1ea1nh \u0111\u01b0\u1ee3c ph\u1ee5c v\u1ee5 Qu\u00fd kh\u00e1ch !!!<br \/>\n\u0110\u1ec3 c\u00f3 th\u00eam th\u00f4ng tin v\u1ec1 d\u1ecbch v\u1ee5 xin vui l\u00f2ng li\u00ean l\u1ea1c v\u1edbi ch\u00fang t\u00f4i<\/p>\n","protected":false},"excerpt":{"rendered":"<p>B\u1ea1n h\u00e3y s\u1edbm chuy\u1ec3n b\u0103ng sang \u0111\u0129a VCD- DVD n\u1ebfu kh\u00f4ng, B\u0103ng t\u1eeb s\u1ebd b\u1ecb n\u1ea5m m\u1ed1c ph\u00e1 hu\u1ef7 theo n\u0103m th\u00e1ng v\u00e0 ch\u1eafc ch\u1eafn r\u1eb1ng b\u1ea1n kh\u00f4ng mu\u1ed1n m\u1ea5t \u0111i nh\u1eefng h\u00ecnh \u1ea3nh, \u00e2m thanh qu\u00fd gi\u00e1 m\u00e0 b\u1ea1n \u0111\u00e3 l\u01b0u gi\u1eef \u0111\u1ebfn nay. Gi\u1ea3i ph\u00e1p t\u1ed1t nh\u1ea5t hi\u1ec7n nay l\u00e0 b\u1ea1n h\u00e3y sao [&hellip;]<\/p>\n","protected":false},"author":1,"featured_media":0,"parent":0,"menu_order":0,"comment_status":"closed","ping_status":"closed","template":"","meta":{"footnotes":""},"class_list":["post-38","page","type-page","status-publish","hentry"],"_links":{"self":[{"href":"http:\/\/www.dichvuvideo.com\/index.php\/wp-json\/wp\/v2\/pages\/38","targetHints":{"allow":["GET"]}}],"collection":[{"href":"http:\/\/www.dichvuvideo.com\/index.php\/wp-json\/wp\/v2\/pages"}],"about":[{"href":"http:\/\/www.dichvuvideo.com\/index.php\/wp-json\/wp\/v2\/types\/page"}],"author":[{"embeddable":true,"href":"http:\/\/www.dichvuvideo.com\/index.php\/wp-json\/wp\/v2\/users\/1"}],"replies":[{"embeddable":true,"href":"http:\/\/www.dichvuvideo.com\/index.php\/wp-json\/wp\/v2\/comments?post=38"}],"version-history":[{"count":1,"href":"http:\/\/www.dichvuvideo.com\/index.php\/wp-json\/wp\/v2\/pages\/38\/revisions"}],"predecessor-version":[{"id":39,"href":"http:\/\/www.dichvuvideo.com\/index.php\/wp-json\/wp\/v2\/pages\/38\/revisions\/39"}],"wp:attachment":[{"href":"http:\/\/www.dichvuvideo.com\/index.php\/wp-json\/wp\/v2\/media?parent=38"}],"curies":[{"name":"wp","href":"https:\/\/api.w.org\/{rel}","templated":true}]}}